{"id":14409,"date":"2021-03-11T18:54:12","date_gmt":"2021-03-11T17:54:12","guid":{"rendered":"https:\/\/www.fondazionebracco.com\/?page_id=14409"},"modified":"2026-04-02T16:50:27","modified_gmt":"2026-04-02T15:50:27","slug":"informativa-privacy-bando-progettodiventero","status":"publish","type":"page","link":"https:\/\/www.fondazionebracco.com\/en\/informativa-privacy-bando-progettodiventero\/","title":{"rendered":"Informativa Privacy ai sensi degli artt. 13 e 14 del Regolamento Europeo n. 2016\/679\/ (\u201cGDPR\u201d)"},"content":{"rendered":"\n<p>ESTREMI DEL TITOLARE E DATI DI CONTATTO DEL DPO<\/p>\n\n\n\n<p>La informiamo che il Titolare del trattamento dei dati personali da Lei conferiti in relazione al Progetto Diventer\u00f2 (di seguito il \u201cConcorso\u201d) \u00e8 la Fondazione Bracco, con sede in via Cino del Duca 8 -20122 Milano. Il Responsabile della protezione dei dati pu\u00f2 essere contattato all\u2019indirizzo email <a href=\"mailto:dpo@bracco.com\">dpo@bracco.com<\/a>.<\/p>\n\n\n\n<p>DATI TRATTATI<\/p>\n\n\n\n<p>I dati trattati sono i dati di tipo identificativo forniti all\u2019atto della iscrizione (quali nome, cognome, data e luogo di nascita, sesso, codice fiscale, nazionalit\u00e0, indirizzo di residenza, recapiti telefonici e informatici, dati relativi alla carriera accademica e alla condizione economica), nonch\u00e9 gli eventuali ulteriori dati forniti al Titolare (\u201cDati\u201d).<\/p>\n\n\n\n<p>FINALIT\u00c0 DEL TRATTAMENTO E BASE GIURIDICA<\/p>\n\n\n\n<p>Il trattamento dei Dati \u00e8 finalizzato esclusivamente alla partecipazione al Concorso e allo svolgimento di tutte le attivit\u00e0 ad esso connesse, ivi incluse, la selezione delle domande, l\u2019attribuzione della borsa di studio e la pubblicazione dei nomi dei vincitori sul sito web di Fondazione Bracco e dei partner del Concorso. La base giuridica del trattamento \u00e8 il consenso. Il conferimento dei Suoi dati personali per le finalit\u00e0 di cui sopra \u00e8 facoltativo, tuttavia un rifiuto in merito non consente la sua partecipazione al Concorso.<\/p>\n\n\n\n<p>Lei ha il diritto di revocare il consenso in qualsiasi momento.<\/p>\n\n\n\n<p>La revoca del consenso non pregiudica la liceit\u00e0 del Trattamento basata sul consenso prima della revoca.<\/p>\n\n\n\n<p>MODALIT\u00c0 DI TRATTAMENTO<\/p>\n\n\n\n<p>I Dati conferiti saranno trattati con la massima riservatezza nel rispetto delle prescrizioni di legge, mediante idonei strumenti elettronici o comunque automatizzati, informatici e telematici, o mediante elaborazioni manuali e cartacee. I Dati saranno trattati da personale interno della Fondazione Bracco, all\u2019uopo autorizzato al trattamento, nell\u2019ambito dello svolgimento delle mansioni lavorative assegnate e, per quanto necessario e\/o strumentale per l\u2019esecuzione delle finalit\u00e0 sopra indicate, da soggetti terzi che agiranno a seconda del caso, in qualit\u00e0 di Titolari autonomi o Responsabili del trattamento\u00a0 (es. partner delle iniziative di Fondazione Bracco, service provider ecc.). I Dati potranno essere trasferiti a provider di servizi informatici anche al di fuori dello Spazio Economico Europeo. Saranno adottate idonee salvaguardie a protezione dei Dati. Tali garanzie possono includere, a titolo esemplificativo e non esaustivo, il ricorso alle clausole contrattuali tipo approvate dalla Commissione europea. <\/p>\n\n\n\n<p>PERIODO DI CONSERVAZIONE DEI DATI<\/p>\n\n\n\n<p>I Dati verranno conservati per il periodo di tempo strettamente necessario al conseguimento delle finalit\u00e0 perseguite e, in ogni caso, nel rispetto dei termini consentiti dalle leggi applicabili e dai principi di minimizzazione del trattamento, limitazione della conservazione e di razionale gestione degli archivi.<\/p>\n\n\n\n<p>DIRITTI DEGLI INTERESSATI<\/p>\n\n\n\n<p>L\u2019interessato pu\u00f2 esercitare in qualsiasi momento i diritti riconosciuti dagli artt. 15-22 del GDPR, compreso l\u2019accesso ai dati personali, la rettifica, la cancellazione degli stessi o la limitazione del trattamento che lo riguardano o l\u2019opposizione al loro trattamento, oltre al diritto alla portabilit\u00e0 dei dati. Inoltre, l\u2019interessato pu\u00f2 revocare in qualsiasi momento il consenso al trattamento. Per esercitare tali diritti l\u2019interessato pu\u00f2 contattare il Titolare mediante invio di un\u2019e-mail all\u2019indirizzo <a href=\"mailto:segreteria@fondazionebracco.com\">segreteria@fondazionebracco.com<\/a> o tramite posta ordinaria al seguente indirizzo Fondazione Bracco, via Cino del Duca 8, Milano. In ogni caso l\u2019interessato pu\u00f2 sempre proporre reclamo al Garante per la Protezione dei Dati Personali (sito internet <a href=\"http:\/\/www.garanteprivacy.it\/\">http:\/\/www.garanteprivacy.it\/<\/a>).<\/p>\n","protected":false},"excerpt":{"rendered":"<p>ESTREMI DEL TITOLARE E DATI DI CONTATTO DEL DPO La informiamo che il Titolare del trattamento dei dati personali da Lei conferiti in relazione al Progetto Diventer\u00f2 (di seguito il \u201cConcorso\u201d) \u00e8 la Fondazione Bracco, con sede in via Cino del Duca 8 -20122 Milano. Il Responsabile della protezione dei dati pu\u00f2 essere contattato all\u2019indirizzo [&hellip;]<\/p>\n","protected":false},"author":7,"featured_media":0,"parent":0,"menu_order":114,"comment_status":"closed","ping_status":"closed","template":"","meta":[],"yoast_head":"<!-- This site is optimized with the Yoast SEO plugin v17.4 - https:\/\/yoast.com\/wordpress\/plugins\/seo\/ -->\n<title>Informativa Privacy ai sensi degli artt. 13 e 14 del Regolamento Europeo n. 2016\/679\/ (\u201cGDPR\u201d) - Fondazione Bracco<\/title>\n<meta name=\"robots\" content=\"index, follow, max-snippet:-1, max-image-preview:large, max-video-preview:-1\" \/>\n<link rel=\"canonical\" href=\"https:\/\/www.fondazionebracco.com\/en\/informativa-privacy-bando-progettodiventero\/\" \/>\n<meta property=\"og:locale\" content=\"en_US\" \/>\n<meta property=\"og:type\" content=\"article\" \/>\n<meta property=\"og:title\" content=\"Informativa Privacy ai sensi degli artt. 13 e 14 del Regolamento Europeo n. 2016\/679\/ (\u201cGDPR\u201d) - Fondazione Bracco\" \/>\n<meta property=\"og:description\" content=\"ESTREMI DEL TITOLARE E DATI DI CONTATTO DEL DPO La informiamo che il Titolare del trattamento dei dati personali da Lei conferiti in relazione al Progetto Diventer\u00f2 (di seguito il \u201cConcorso\u201d) \u00e8 la Fondazione Bracco, con sede in via Cino del Duca 8 -20122 Milano. Il Responsabile della protezione dei dati pu\u00f2 essere contattato all\u2019indirizzo [&hellip;]\" \/>\n<meta property=\"og:url\" content=\"https:\/\/www.fondazionebracco.com\/en\/informativa-privacy-bando-progettodiventero\/\" \/>\n<meta property=\"og:site_name\" content=\"Fondazione Bracco\" \/>\n<meta property=\"article:publisher\" content=\"https:\/\/www.facebook.com\/fondazionebracco\" \/>\n<meta property=\"article:modified_time\" content=\"2026-04-02T15:50:27+00:00\" \/>\n<meta name=\"twitter:card\" content=\"summary_large_image\" \/>\n<meta name=\"twitter:site\" content=\"@FondBracco\" \/>\n<!-- \/ Yoast SEO plugin. -->","yoast_head_json":{"title":"Informativa Privacy ai sensi degli artt. 13 e 14 del Regolamento Europeo n. 2016\/679\/ (\u201cGDPR\u201d) - Fondazione Bracco","robots":{"index":"index","follow":"follow","max-snippet":"max-snippet:-1","max-image-preview":"max-image-preview:large","max-video-preview":"max-video-preview:-1"},"canonical":"https:\/\/www.fondazionebracco.com\/en\/informativa-privacy-bando-progettodiventero\/","og_locale":"en_US","og_type":"article","og_title":"Informativa Privacy ai sensi degli artt. 13 e 14 del Regolamento Europeo n. 2016\/679\/ (\u201cGDPR\u201d) - Fondazione Bracco","og_description":"ESTREMI DEL TITOLARE E DATI DI CONTATTO DEL DPO La informiamo che il Titolare del trattamento dei dati personali da Lei conferiti in relazione al Progetto Diventer\u00f2 (di seguito il \u201cConcorso\u201d) \u00e8 la Fondazione Bracco, con sede in via Cino del Duca 8 -20122 Milano. Il Responsabile della protezione dei dati pu\u00f2 essere contattato all\u2019indirizzo [&hellip;]","og_url":"https:\/\/www.fondazionebracco.com\/en\/informativa-privacy-bando-progettodiventero\/","og_site_name":"Fondazione Bracco","article_publisher":"https:\/\/www.facebook.com\/fondazionebracco","article_modified_time":"2026-04-02T15:50:27+00:00","twitter_card":"summary_large_image","twitter_site":"@FondBracco","schema":{"@context":"https:\/\/schema.org","@graph":[{"@type":"Organization","@id":"https:\/\/www.fondazionebracco.com\/en\/#organization","name":"Fondazione Bracco","url":"https:\/\/www.fondazionebracco.com\/en\/","sameAs":["https:\/\/www.facebook.com\/fondazionebracco","https:\/\/www.instagram.com\/fondazionebracco\/","https:\/\/www.youtube.com\/user\/fondazionebracco","https:\/\/twitter.com\/FondBracco"],"logo":{"@type":"ImageObject","@id":"https:\/\/www.fondazionebracco.com\/en\/#logo","inLanguage":"en-US","url":"https:\/\/www.fondazionebracco.com\/wp-content\/uploads\/marchioFondazioneBracco.png","contentUrl":"https:\/\/www.fondazionebracco.com\/wp-content\/uploads\/marchioFondazioneBracco.png","width":1182,"height":329,"caption":"Fondazione Bracco"},"image":{"@id":"https:\/\/www.fondazionebracco.com\/en\/#logo"}},{"@type":"WebSite","@id":"https:\/\/www.fondazionebracco.com\/en\/#website","url":"https:\/\/www.fondazionebracco.com\/en\/","name":"Fondazione Bracco","description":"Fondazione Bracco","publisher":{"@id":"https:\/\/www.fondazionebracco.com\/en\/#organization"},"potentialAction":[{"@type":"SearchAction","target":{"@type":"EntryPoint","urlTemplate":"https:\/\/www.fondazionebracco.com\/en\/?s={search_term_string}"},"query-input":"required name=search_term_string"}],"inLanguage":"en-US"},{"@type":"WebPage","@id":"https:\/\/www.fondazionebracco.com\/en\/informativa-privacy-bando-progettodiventero\/#webpage","url":"https:\/\/www.fondazionebracco.com\/en\/informativa-privacy-bando-progettodiventero\/","name":"Informativa Privacy ai sensi degli artt. 13 e 14 del Regolamento Europeo n. 2016\/679\/ (\u201cGDPR\u201d) - Fondazione Bracco","isPartOf":{"@id":"https:\/\/www.fondazionebracco.com\/en\/#website"},"datePublished":"2021-03-11T17:54:12+00:00","dateModified":"2026-04-02T15:50:27+00:00","breadcrumb":{"@id":"https:\/\/www.fondazionebracco.com\/en\/informativa-privacy-bando-progettodiventero\/#breadcrumb"},"inLanguage":"en-US","potentialAction":[{"@type":"ReadAction","target":["https:\/\/www.fondazionebracco.com\/en\/informativa-privacy-bando-progettodiventero\/"]}]},{"@type":"BreadcrumbList","@id":"https:\/\/www.fondazionebracco.com\/en\/informativa-privacy-bando-progettodiventero\/#breadcrumb","itemListElement":[{"@type":"ListItem","position":1,"name":"Home","item":"https:\/\/www.fondazionebracco.com\/en\/"},{"@type":"ListItem","position":2,"name":"Informativa Privacy ai sensi degli artt. 13 e 14 del Regolamento Europeo n. 2016\/679\/ (\u201cGDPR\u201d)"}]}]}},"_links":{"self":[{"href":"https:\/\/www.fondazionebracco.com\/en\/wp-json\/wp\/v2\/pages\/14409"}],"collection":[{"href":"https:\/\/www.fondazionebracco.com\/en\/wp-json\/wp\/v2\/pages"}],"about":[{"href":"https:\/\/www.fondazionebracco.com\/en\/wp-json\/wp\/v2\/types\/page"}],"author":[{"embeddable":true,"href":"https:\/\/www.fondazionebracco.com\/en\/wp-json\/wp\/v2\/users\/7"}],"replies":[{"embeddable":true,"href":"https:\/\/www.fondazionebracco.com\/en\/wp-json\/wp\/v2\/comments?post=14409"}],"version-history":[{"count":6,"href":"https:\/\/www.fondazionebracco.com\/en\/wp-json\/wp\/v2\/pages\/14409\/revisions"}],"predecessor-version":[{"id":28015,"href":"https:\/\/www.fondazionebracco.com\/en\/wp-json\/wp\/v2\/pages\/14409\/revisions\/28015"}],"wp:attachment":[{"href":"https:\/\/www.fondazionebracco.com\/en\/wp-json\/wp\/v2\/media?parent=14409"}],"curies":[{"name":"wp","href":"https:\/\/api.w.org\/{rel}","templated":true}]}}